{"id":83,"date":"2023-05-08T14:39:31","date_gmt":"2023-05-08T14:39:31","guid":{"rendered":"https:\/\/pv-benzmueller.de\/?page_id=83"},"modified":"2025-03-18T13:15:49","modified_gmt":"2025-03-18T13:15:49","slug":"impressum","status":"publish","type":"page","link":"https:\/\/pv-benzmueller.de\/?page_id=83","title":{"rendered":"Impressum"},"content":{"rendered":"\t\t<div data-elementor-type=\"wp-page\" data-elementor-id=\"83\" class=\"elementor elementor-83\" data-elementor-post-type=\"page\">\n\t\t\t\t\t\t<section class=\"elementor-section elementor-top-section elementor-element elementor-element-170f62b6 elementor-section-boxed elementor-section-height-default elementor-section-height-default\" data-id=\"170f62b6\" data-element_type=\"section\" data-e-type=\"section\" data-settings=\"{&quot;background_background&quot;:&quot;classic&quot;}\">\n\t\t\t\t\t\t<div class=\"elementor-container elementor-column-gap-default\">\n\t\t\t\t\t<div class=\"elementor-column elementor-col-100 elementor-top-column elementor-element elementor-element-25502075\" data-id=\"25502075\" data-element_type=\"column\" data-e-type=\"column\" data-settings=\"{&quot;background_background&quot;:&quot;classic&quot;}\">\n\t\t\t<div class=\"elementor-widget-wrap elementor-element-populated\">\n\t\t\t\t\t\t<div class=\"elementor-element elementor-element-120a95bb elementor-widget elementor-widget-heading\" data-id=\"120a95bb\" data-element_type=\"widget\" data-e-type=\"widget\" data-widget_type=\"heading.default\">\n\t\t\t\t<div class=\"elementor-widget-container\">\n\t\t\t\t\t<h1 class=\"elementor-heading-title elementor-size-default\">Impressum<\/h1>\t\t\t\t<\/div>\n\t\t\t\t<\/div>\n\t\t\t\t\t<\/div>\n\t\t<\/div>\n\t\t\t\t\t<\/div>\n\t\t<\/section>\n\t\t\t\t<section class=\"elementor-section elementor-top-section elementor-element elementor-element-7379e603 elementor-section-boxed elementor-section-height-default elementor-section-height-default\" data-id=\"7379e603\" data-element_type=\"section\" data-e-type=\"section\">\n\t\t\t\t\t\t<div class=\"elementor-container elementor-column-gap-default\">\n\t\t\t\t\t<div class=\"elementor-column elementor-col-100 elementor-top-column elementor-element elementor-element-4df73a\" data-id=\"4df73a\" data-element_type=\"column\" data-e-type=\"column\">\n\t\t\t<div class=\"elementor-widget-wrap elementor-element-populated\">\n\t\t\t\t\t\t<div class=\"elementor-element elementor-element-38aa260c elementor-widget elementor-widget-button\" data-id=\"38aa260c\" data-element_type=\"widget\" data-e-type=\"widget\" data-widget_type=\"button.default\">\n\t\t\t\t<div class=\"elementor-widget-container\">\n\t\t\t\t\t\t\t\t\t<div class=\"elementor-button-wrapper\">\n\t\t\t\t\t<a class=\"elementor-button elementor-button-link elementor-size-sm\" href=\"https:\/\/sicherheit-benzmueller.de\/\">\n\t\t\t\t\t\t<span class=\"elementor-button-content-wrapper\">\n\t\t\t\t\t\t<span class=\"elementor-button-icon\">\n\t\t\t\t<i aria-hidden=\"true\" class=\"fas fa-backward\"><\/i>\t\t\t<\/span>\n\t\t\t\t\t\t\t\t\t<span class=\"elementor-button-text\">Zur\u00fcck zur Homepage<\/span>\n\t\t\t\t\t<\/span>\n\t\t\t\t\t<\/a>\n\t\t\t\t<\/div>\n\t\t\t\t\t\t\t\t<\/div>\n\t\t\t\t<\/div>\n\t\t\t\t<div class=\"elementor-element elementor-element-2822d46b elementor-widget elementor-widget-text-editor\" data-id=\"2822d46b\" data-element_type=\"widget\" data-e-type=\"widget\" data-widget_type=\"text-editor.default\">\n\t\t\t\t<div class=\"elementor-widget-container\">\n\t\t\t\t\t\t\t\t\t<div style=\"margin: 0px; padding: 0px; font-family: 'Helvetica Neue', Arial, sans-serif; font-size: 13.6px;\">\n<p style=\"margin-right: 0px; margin-bottom: 8px; margin-left: 0px; padding: 0px; line-height: 19.04px;\"><strong>Elektro Benzm\u00fcller GmbH &amp; Co. KG<\/strong><br style=\"margin: 0px; padding: 0px;\">Max-Planck-Stra\u00dfe 12<br style=\"margin: 0px; padding: 0px;\">54439 Saarburg<br style=\"margin: 0px; padding: 0px;\">Deutschland<br style=\"margin: 0px; padding: 0px;\"><br style=\"margin: 0px; padding: 0px;\">Telefon: +49-6581-99640<br style=\"margin: 0px; padding: 0px;\">E-Mail:&nbsp;<a style=\"margin: 0px; padding: 0px; background-image: initial; background-position: initial; background-size: initial; background-repeat: initial; background-attachment: initial; background-origin: initial; background-clip: initial; text-decoration-line: underline; color: #d51130;\">info(at)benzmueller.de<\/a><\/p>\n<\/div>\n<div style=\"margin: 0px; padding: 0px; font-family: 'Helvetica Neue', Arial, sans-serif; font-size: 13.6px;\">\n<p style=\"margin-right: 0px; margin-bottom: 8px; margin-left: 0px; padding: 0px; line-height: 19.04px;\"><strong style=\"margin: 0px; padding: 0px; font-weight: bold;\">Gesch\u00e4ftsf\u00fchrer:<\/strong>&nbsp;Tobias H\u00e4rtl, Michael Feilen<br style=\"margin: 0px; padding: 0px;\"><strong style=\"margin: 0px; padding: 0px; font-weight: bold;\">Berufsbezeichnung:<\/strong>&nbsp;Elektromeister<br style=\"margin: 0px; padding: 0px;\">(Erworben in Deutschland)<\/p>\n<\/div>\n<div style=\"margin: 0px; padding: 0px; font-family: 'Helvetica Neue', Arial, sans-serif; font-size: 13.6px;\">\n<p style=\"margin-right: 0px; margin-bottom: 8px; margin-left: 0px; padding: 0px; line-height: 19.04px;\"><strong style=\"margin: 0px; padding: 0px; font-weight: bold;\">Inhaltlich Verantwortlicher:<\/strong>&nbsp;Tobias H\u00e4rtl<\/p>\n<\/div>\n<div style=\"margin: 0px; padding: 0px; font-family: 'Helvetica Neue', Arial, sans-serif; font-size: 13.6px;\">\n<p style=\"margin-right: 0px; margin-bottom: 8px; margin-left: 0px; padding: 0px; line-height: 19.04px;\"><strong style=\"margin: 0px; padding: 0px; font-weight: bold;\">Handelsregister:<\/strong>&nbsp;HRA 40373<br style=\"margin: 0px; padding: 0px;\"><strong style=\"margin: 0px; padding: 0px; font-weight: bold;\">Registergericht<\/strong>: Wittlich<br style=\"margin: 0px; padding: 0px;\"><strong style=\"margin: 0px; padding: 0px; font-weight: bold;\">Umsatzsteuer-IDNr.:<\/strong>&nbsp;DE262963963<br><br><\/p>\n<\/div>\n<div style=\"margin: 0px; padding: 0px; font-family: 'Helvetica Neue', Arial, sans-serif; font-size: 13.6px;\">\n<h3 style=\"margin: 0px 0px 0.75em; padding: 0px; width: 1140.47px; font-weight: 900; font-size: 1.25em; line-height: 20.4px; color: #d51130;\">Zust\u00e4ndige Aufsichtsbeh\u00f6rde:<\/h3>\n<p style=\"margin-right: 0px; margin-bottom: 8px; margin-left: 0px; padding: 0px; line-height: 19.04px;\">Handwerkskammer Trier<br style=\"margin: 0px; padding: 0px;\">Loebstra\u00dfe 18<br style=\"margin: 0px; padding: 0px;\">54292 Trier<br style=\"margin: 0px; padding: 0px;\"><a style=\"margin: 0px; padding: 0px; background-image: initial; background-position: initial; background-size: initial; background-repeat: initial; background-attachment: initial; background-origin: initial; background-clip: initial; text-decoration-line: underline; color: #d51130;\" title=\"Handwerkskammer Trier\" href=\"http:\/\/www.hwk-trier.de\/\" target=\"_blank\" rel=\"noopener\">http:\/\/www.hwk-trier.de<br><br><\/a><\/p>\n<\/div>\n<div style=\"margin: 0px; padding: 0px; font-family: 'Helvetica Neue', Arial, sans-serif; font-size: 13.6px;\">\n<h3 style=\"margin: 0px 0px 0.75em; padding: 0px; width: 1140.47px; font-weight: 900; font-size: 1.25em; line-height: 20.4px; color: #d51130;\">Berufsrechtliche Regelungen:<\/h3>\n<p>Handwerkskammer:&nbsp;<a style=\"margin: 0px; padding: 0px; background-image: initial; background-position: initial; background-size: initial; background-repeat: initial; background-attachment: initial; background-origin: initial; background-clip: initial; text-decoration-line: underline; color: #d51130;\" title=\"Handwerkskammer\" href=\"http:\/\/www.handwerkskammer.de\/\" target=\"_blank\" rel=\"noopener\">www.handwerkskammer.de<\/a><br style=\"margin: 0px; padding: 0px;\"><a style=\"margin: 0px; padding: 0px; background-image: initial; background-position: initial; background-size: initial; background-repeat: initial; background-attachment: initial; background-origin: initial; background-clip: initial; text-decoration-line: underline; color: #d51130;\" title=\"Handwerksordnung\" href=\"http:\/\/www.zdh.de\/daten-fakten\/das-handwerk\/die-handwerksordnung.html\" target=\"_blank\" rel=\"noopener\">Handwerksordnung<\/a>&nbsp;(zu finden im Bundesgesetzblatt I, Seite 3074 in der Fassung vom 24. September 1998)<br style=\"margin: 0px; padding: 0px;\"><a style=\"margin: 0px; padding: 0px; background-image: initial; background-position: initial; background-size: initial; background-repeat: initial; background-attachment: initial; background-origin: initial; background-clip: initial; text-decoration-line: underline; color: #d51130;\" title=\"Ausbildungsordnung (BIBB Berufssuche)\" href=\"https:\/\/www.bibb.de\/berufesuche\" target=\"_blank\" rel=\"noopener\">Ausbildungsordnung (BIBB Berufssuche)<\/a><br style=\"margin: 0px; padding: 0px;\"><a style=\"margin: 0px; padding: 0px; background-image: initial; background-position: initial; background-size: initial; background-repeat: initial; background-attachment: initial; background-origin: initial; background-clip: initial; text-decoration-line: underline; color: #d51130;\" title=\"Weiterbildung\" href=\"http:\/\/www.zdh.de\/themen\/bildung\/weiterbildung.html\" target=\"_blank\" rel=\"noopener\">Weiterbildung<br><br><\/a><\/p>\n<p style=\"margin-right: 0px; margin-bottom: 8px; margin-left: 0px; padding: 0px; line-height: 19.04px;\">\n<\/p><\/div>\n<div style=\"margin: 0px; padding: 0px; font-family: 'Helvetica Neue', Arial, sans-serif; font-size: 13.6px;\">\n<h3 style=\"margin: 0px 0px 0.75em; padding: 0px; width: 1140.47px; font-weight: 900; font-size: 1.25em; line-height: 20.4px; color: #d51130;\">Pers\u00f6nlich haftende Gesellschafterin:<\/h3>\n<p style=\"margin-right: 0px; margin-bottom: 8px; margin-left: 0px; padding: 0px; line-height: 19.04px;\">Feilen H\u00e4rtl Verwaltungs GmbH<br style=\"margin: 0px; padding: 0px;\">Saarburg<br><br><\/p>\n<\/div>\n<div style=\"margin: 0px; padding: 0px; font-family: 'Helvetica Neue', Arial, sans-serif; font-size: 13.6px;\">\n<h3 style=\"margin: 0px 0px 0.75em; padding: 0px; width: 1140.47px; font-weight: 900; font-size: 1.25em; line-height: 20.4px; color: #d51130;\">Verbraucherschlichtung nach dem Verbraucher\u00adstreitbeilegungs\u00adgesetz:<\/h3>\n<p>Die Firma Elektro Benzm\u00fcller GmbH &amp; Co. KG erkl\u00e4rt sich bei rechtlichen Konflikten mit Verbrauchern (\u00a7&nbsp;13&nbsp;BGB) bereit, an Verbraucher\u00adschlichtungs\u00adverfahren nach dem Verbraucher\u00adstreitbeilegungs\u00adgesetz teilzunehmen.Die f\u00fcr die Firma Elektro Benzm\u00fcller GmbH &amp; Co. KG zust\u00e4ndige ist die folgende Verbraucher\u00adschlichtungsstelle:<br style=\"margin: 0px; padding: 0px;\"><br style=\"margin: 0px; padding: 0px;\">Allgemeine Verbraucher\u00adschlichtungsstelle des Zentrums f\u00fcr Schlichtung e.V.<br style=\"margin: 0px; padding: 0px;\">Stra\u00dfburger Stra\u00dfe 8<br style=\"margin: 0px; padding: 0px;\">77694 Kehl am Rhein<br style=\"margin: 0px; padding: 0px;\">Telefon: +49-7851-7957940<br style=\"margin: 0px; padding: 0px;\">Telefax: +49-7851-7957941<br style=\"margin: 0px; padding: 0px;\">E-Mail:&nbsp;<a style=\"margin: 0px; padding: 0px; background-image: initial; background-position: initial; background-size: initial; background-repeat: initial; background-attachment: initial; background-origin: initial; background-clip: initial; text-decoration-line: underline; color: #d51130;\" title=\"E-Mail Adressse der Allgemeinen Verbraucherschlichtungsstelle des Zentrums f\u00fcr Schlichtung e.V.\" href=\"mailto:mail@verbraucher-schlichter.de\">mail@verbraucher-schlichter.de<\/a><br style=\"margin: 0px; padding: 0px;\">Webseite:&nbsp;<a style=\"margin: 0px; padding: 0px; background-image: initial; background-position: initial; background-size: initial; background-repeat: initial; background-attachment: initial; background-origin: initial; background-clip: initial; text-decoration-line: underline; color: #d51130;\" title=\"Webseite der Allgemeinen Verbraucherschlichtungsstelle des Zentrums f\u00fcr Schlichtung e.V.\" href=\"http:\/\/www.verbraucher-schlichter.de\/\" target=\"_blank\" rel=\"noopener\">www.verbraucher-schlichter.de<\/a><br><br style=\"margin: 0px; padding: 0px;\"><\/p>\n<\/div>\n<div style=\"margin: 0px; padding: 0px; font-family: 'Helvetica Neue', Arial, sans-serif; font-size: 13.6px;\">\n<h3 style=\"margin: 0px 0px 0.75em; padding: 0px; width: 1140.47px; font-weight: 900; font-size: 1.25em; line-height: 20.4px; color: #d51130;\">Technische Details:<\/h3>\n<p>Die technische Betreuung der Seiten (&#8222;Webhosting&#8220;) wurde der&nbsp;<strong style=\"margin: 0px; padding: 0px; font-weight: bold;\">Mittwald CM Service GmbH &amp; Co. KG<\/strong>&nbsp;\u00fcbertragen. Falls Sie Fragen, Kritik oder Anregungen zu diesem Internetprojekt haben oder aus anderen Gr\u00fcnden Kontakt mit uns aufnehmen wollen, dann senden Sie eine Email. Wir werden uns dann so schnell wie m\u00f6glich mit Ihnen in Verbindung setzen. Die Inhalte von&nbsp;<a style=\"margin: 0px; padding: 0px; background-image: initial; background-position: initial; background-size: initial; background-repeat: initial; background-attachment: initial; background-origin: initial; background-clip: initial; text-decoration-line: underline; color: #d51130;\" title=\"Mehr Informationen\" href=\"http:\/\/www.benzmueller.de\/\" target=\"_blank\" rel=\"noopener\">http:\/\/www.benzmueller.de<\/a>&nbsp;unterliegen dem Copyright des Domaininhabers. Finden wir Informationen unseres Projekts auf fremden Seiten, die nicht mit uns abgestimmt und zumindest mit einem entsprechenden Quellhinweis versehen wurden, behalten wir uns rechtliche Schritte vor.<br><br style=\"margin: 0px; padding: 0px;\"><\/p>\n<\/div>\n<div style=\"margin: 0px; padding: 0px; font-family: 'Helvetica Neue', Arial, sans-serif; font-size: 13.6px;\">\n<h3 style=\"margin: 0px 0px 0.75em; padding: 0px; width: 1140.47px; font-weight: 900; font-size: 1.25em; line-height: 20.4px; color: #d51130;\">Haftungsausschluss:<\/h3>\n<h3 style=\"margin: 0px 0px 0.75em; padding: 0px; width: 1140.47px; font-weight: 900; font-size: 1.25em; line-height: 20.4px; color: #d51130;\">1. Inhalt des Onlineangebotes<\/h3>\n<p>Der Autor selbst und die Informationszubringer sind stets bem\u00fcht, qualitativ hochwertige Informationen zur Verf\u00fcgung zu stellen. Trotzdem \u00fcbernimmt der Autor keinerlei Gew\u00e4hr f\u00fcr die Aktualit\u00e4t, Korrektheit, Vollst\u00e4ndigkeit oder Qualit\u00e4t der bereitgestellten Informationen. Haftungsanspr\u00fcche gegen den Autor, die sich auf Sch\u00e4den materieller oder ideeller Art beziehen, welche durch die Nutzung oder Nichtnutzung der dargebotenen Informationen bzw. durch die Nutzung fehlerhafter und unvollst\u00e4ndiger Informationen verursacht wurden sind grunds\u00e4tzlich ausgeschlossen, sofern seitens des Autors kein nachweislich vors\u00e4tzliches oder grob fahrl\u00e4ssiges Verschulden vorliegt. Alle Angebote sind freibleibend und unverbindlich. Der Autor beh\u00e4lt es sich ausdr\u00fccklich vor, Teile der Seiten oder das gesamte Angebot ohne gesonderte Ank\u00fcndigung zu ver\u00e4ndern, zu erg\u00e4nzen, zu l\u00f6schen oder die Ver\u00f6ffentlichung zeitweise oder endg\u00fcltig einzustellen.<br style=\"margin: 0px; padding: 0px;\"><br style=\"margin: 0px; padding: 0px;\"><\/p>\n<h3 style=\"margin: 0px 0px 0.75em; padding: 0px; width: 1140.47px; font-weight: 900; font-size: 1.25em; line-height: 20.4px; color: #d51130;\">2. Verweise und Links<\/h3>\n<p>Sofern auf Verweisziele (&#8222;Links&#8220;) direkt oder indirekt verwiesen wird, die au\u00dferhalb des Verantwortungsbereiches des Autors liegen, haftet dieser nur dann, wenn er von den Inhalten Kenntnis hat und es ihm technisch m\u00f6glich und zumutbar w\u00e4re, die Nutzung im Falle rechtswidriger Inhalte zu verhindern. F\u00fcr dar\u00fcber hinausgehende Inhalte und insbesondere f\u00fcr Sch\u00e4den, die aus der Nutzung oder Nichtnutzung solcherart dargebotener Informationen entstehen, haftet allein der Anbieter dieser Seiten, nicht derjenige, der \u00fcber Links auf die jeweilige Ver\u00f6ffentlichung lediglich verweist. Diese Einschr\u00e4nkung gilt gleicherma\u00dfen auch f\u00fcr Fremdeintr\u00e4ge in vom Autor eingerichteten G\u00e4steb\u00fcchern, Diskussionsforen und Mailinglisten.<br style=\"margin: 0px; padding: 0px;\"><br style=\"margin: 0px; padding: 0px;\"><\/p>\n<h3 style=\"margin: 0px 0px 0.75em; padding: 0px; width: 1140.47px; font-weight: 900; font-size: 1.25em; line-height: 20.4px; color: #d51130;\">3. Urheberrecht<\/h3>\n<p>Der Autor ist bestrebt, in allen Publikationen die Urheberrechte der verwendeten Grafiken, Sounds und Texte zu beachten, von ihm selbst erstellte Grafiken, Sounds und Texte zu nutzen oder auf lizenzfreie Grafiken, Sounds und Texte zur\u00fcckzugreifen. Sollte sich auf den jeweiligen Seiten dennoch eine ungekennzeichnete, aber durch fremdes Copyright gesch\u00fctzte Grafik, ein Sound oder Text befinden, so konnte das Copyright vom Autor nicht festgestellt werden. Im Falle einer solchen unbeabsichtigten Copyrightverletzung wird der Autor das entsprechende Objekt nach Benachrichtigung aus seiner Publikation entfernen bzw. mit dem entsprechenden Copyright kenntlich machen.<br style=\"margin: 0px; padding: 0px;\"><br style=\"margin: 0px; padding: 0px;\"><\/p>\n<h3 style=\"margin: 0px 0px 0.75em; padding: 0px; width: 1140.47px; font-weight: 900; font-size: 1.25em; line-height: 20.4px; color: #d51130;\">4. Rechtswirksamkeit dieses Haftungsausschlusses<\/h3>\n<p>Dieser Haftungsausschluss ist als Teil des Internetangebotes zu betrachten, von dem aus auf diese Seite verwiesen wurde. Sofern Teile oder einzelne Formulierungen dieses Textes der geltenden Rechtslage nicht, nicht mehr oder nicht vollst\u00e4ndig entsprechen sollten, bleiben die \u00fcbrigen Teile des Dokumentes in ihrem Inhalt und ihrer G\u00fcltigkeit davon unber\u00fchrt.<br style=\"margin: 0px; padding: 0px;\"><span style=\"font-size: 13.6px; color: var( --e-global-color-text ); font-weight: var( --e-global-typography-text-font-weight ); word-spacing: var( --e-global-typography-text-word-spacing ); letter-spacing: 0px;\"><br><\/span><\/p>\n<p><span style=\"font-size: 13.6px; color: var( --e-global-color-text ); font-weight: var( --e-global-typography-text-font-weight ); word-spacing: var( --e-global-typography-text-word-spacing ); letter-spacing: 0px;\">Die im Rahmen der Gesch\u00e4ftst\u00e4tigkeit gewonnenen personenbezogenen Daten des Interessenten bzw. K\u00e4ufers werden gem\u00e4\u00df den Bestimmungen des Bundesdatenschutzgesetztes gespeichert und verarbeitet. Diese Internetseiten und die darin enthaltenen Beschreibungen und Preisangaben werden von uns mit gr\u00f6\u00dfter Sorgfalt zusammengestellt. Trotzdem k\u00f6nnen wir eine Haftung f\u00fcr eventuelle Abbildungsfehler, technische \u00c4nderungen an den Waren oder f\u00fcr die anhaltende Lieferf\u00e4higkeit aller Waren nicht \u00fcbernehmen.<\/span><\/p>\n<h3 style=\"margin: 0px 0px 0.75em; padding: 0px; width: 1140.47px; font-weight: 900; font-size: 1.25em; line-height: 20.4px; color: #d51130;\"><br><\/h3>\n<h3 style=\"margin: 0px 0px 0.75em; padding: 0px; width: 1140.47px; font-weight: 900; font-size: 1.25em; line-height: 20.4px; color: #d51130;\">5. Allgemeine Gesch\u00e4ftsbedingungen<\/h3>\n<p><span style=\"font-size: 13.6px; color: var( --e-global-color-text ); font-weight: var( --e-global-typography-text-font-weight ); word-spacing: var( --e-global-typography-text-word-spacing ); letter-spacing: 0px;\">Die im Rahmen der Gesch\u00e4ftst\u00e4tigkeit gewonnenen personenbezogenen Daten des Interessenten bzw. K\u00e4ufers werden gem\u00e4\u00df den Bestimmungen des Bundesdatenschutzgesetztes gespeichert und verarbeitet. Diese Internetseiten und die darin enthaltenen Beschreibungen und Preisangaben werden von uns mit gr\u00f6\u00dfter Sorgfalt zusammengestellt. Trotzdem k\u00f6nnen wir eine Haftung f\u00fcr eventuelle Abbildungsfehler, technische \u00c4nderungen an den Waren oder f\u00fcr die anhaltende Lieferf\u00e4higkeit aller Waren nicht \u00fcbernehmen.<br><\/span><\/p>\n<\/div>\t\t\t\t\t\t\t\t<\/div>\n\t\t\t\t<\/div>\n\t\t\t\t<div class=\"elementor-element elementor-element-316dfc14 elementor-widget elementor-widget-button\" data-id=\"316dfc14\" data-element_type=\"widget\" data-e-type=\"widget\" data-widget_type=\"button.default\">\n\t\t\t\t<div class=\"elementor-widget-container\">\n\t\t\t\t\t\t\t\t\t<div class=\"elementor-button-wrapper\">\n\t\t\t\t\t<a class=\"elementor-button elementor-button-link elementor-size-sm\" href=\"https:\/\/sicherheit-benzmueller.de\/\">\n\t\t\t\t\t\t<span class=\"elementor-button-content-wrapper\">\n\t\t\t\t\t\t<span class=\"elementor-button-icon\">\n\t\t\t\t<i aria-hidden=\"true\" class=\"fas fa-backward\"><\/i>\t\t\t<\/span>\n\t\t\t\t\t\t\t\t\t<span class=\"elementor-button-text\">Zur\u00fcck zur Homepage<\/span>\n\t\t\t\t\t<\/span>\n\t\t\t\t\t<\/a>\n\t\t\t\t<\/div>\n\t\t\t\t\t\t\t\t<\/div>\n\t\t\t\t<\/div>\n\t\t\t\t\t<\/div>\n\t\t<\/div>\n\t\t\t\t\t<\/div>\n\t\t<\/section>\n\t\t\t\t<section class=\"elementor-section elementor-top-section elementor-element elementor-element-75392f1a elementor-section-boxed elementor-section-height-default elementor-section-height-default\" data-id=\"75392f1a\" data-element_type=\"section\" data-e-type=\"section\" data-settings=\"{&quot;background_background&quot;:&quot;classic&quot;}\">\n\t\t\t\t\t\t<div class=\"elementor-container elementor-column-gap-default\">\n\t\t\t\t\t<div class=\"elementor-column elementor-col-50 elementor-top-column elementor-element elementor-element-793d0e4a\" data-id=\"793d0e4a\" data-element_type=\"column\" data-e-type=\"column\">\n\t\t\t<div class=\"elementor-widget-wrap elementor-element-populated\">\n\t\t\t\t\t\t<div class=\"elementor-element elementor-element-62a6902c elementor-widget elementor-widget-text-editor\" data-id=\"62a6902c\" data-element_type=\"widget\" data-e-type=\"widget\" data-widget_type=\"text-editor.default\">\n\t\t\t\t<div class=\"elementor-widget-container\">\n\t\t\t\t\t\t\t\t\t<p>\u00a9 2025 &#8211; Alle Rechte vorbehalten<\/p>\t\t\t\t\t\t\t\t<\/div>\n\t\t\t\t<\/div>\n\t\t\t\t\t<\/div>\n\t\t<\/div>\n\t\t\t\t<div class=\"elementor-column elementor-col-50 elementor-top-column elementor-element elementor-element-56e13e54\" data-id=\"56e13e54\" data-element_type=\"column\" data-e-type=\"column\">\n\t\t\t<div class=\"elementor-widget-wrap elementor-element-populated\">\n\t\t\t\t\t\t<div class=\"elementor-element elementor-element-338c8681 elementor-nav-menu__align-end elementor-nav-menu--dropdown-none elementor-widget elementor-widget-nav-menu\" data-id=\"338c8681\" data-element_type=\"widget\" data-e-type=\"widget\" data-settings=\"{&quot;layout&quot;:&quot;horizontal&quot;,&quot;submenu_icon&quot;:{&quot;value&quot;:&quot;&lt;i class=\\&quot;fas fa-caret-down\\&quot; aria-hidden=\\&quot;true\\&quot;&gt;&lt;\\\/i&gt;&quot;,&quot;library&quot;:&quot;fa-solid&quot;}}\" data-widget_type=\"nav-menu.default\">\n\t\t\t\t<div class=\"elementor-widget-container\">\n\t\t\t\t\t\t\t\t<nav aria-label=\"Men\u00fc\" class=\"elementor-nav-menu--main elementor-nav-menu__container elementor-nav-menu--layout-horizontal e--pointer-none\">\n\t\t\t\t<ul id=\"menu-1-338c8681\" class=\"elementor-nav-menu\"><li class=\"menu-item menu-item-type-post_type menu-item-object-page menu-item-102\"><a href=\"https:\/\/pv-benzmueller.de\/?page_id=83\" class=\"elementor-item\">Impressum<\/a><\/li>\n<li class=\"menu-item menu-item-type-post_type menu-item-object-page menu-item-103\"><a href=\"https:\/\/pv-benzmueller.de\/?page_id=80\" class=\"elementor-item\">Datenschutz<\/a><\/li>\n<\/ul>\t\t\t<\/nav>\n\t\t\t\t\t\t<nav class=\"elementor-nav-menu--dropdown elementor-nav-menu__container\" aria-hidden=\"true\">\n\t\t\t\t<ul id=\"menu-2-338c8681\" class=\"elementor-nav-menu\"><li class=\"menu-item menu-item-type-post_type menu-item-object-page menu-item-102\"><a href=\"https:\/\/pv-benzmueller.de\/?page_id=83\" class=\"elementor-item\" tabindex=\"-1\">Impressum<\/a><\/li>\n<li class=\"menu-item menu-item-type-post_type menu-item-object-page menu-item-103\"><a href=\"https:\/\/pv-benzmueller.de\/?page_id=80\" class=\"elementor-item\" tabindex=\"-1\">Datenschutz<\/a><\/li>\n<\/ul>\t\t\t<\/nav>\n\t\t\t\t\t\t<\/div>\n\t\t\t\t<\/div>\n\t\t\t\t\t<\/div>\n\t\t<\/div>\n\t\t\t\t\t<\/div>\n\t\t<\/section>\n\t\t\t\t<\/div>\n\t\t","protected":false},"excerpt":{"rendered":"<p>Impressum Zur\u00fcck zur Homepage Elektro Benzm\u00fcller GmbH &amp; Co. KGMax-Planck-Stra\u00dfe 1254439 SaarburgDeutschlandTelefon: +49-6581-99640E-Mail:&nbsp;info(at)benzmueller.de Gesch\u00e4ftsf\u00fchrer:&nbsp;Tobias H\u00e4rtl, Michael FeilenBerufsbezeichnung:&nbsp;Elektromeister(Erworben in Deutschland) Inhaltlich Verantwortlicher:&nbsp;Tobias H\u00e4rtl Handelsregister:&nbsp;HRA 40373Registergericht: WittlichUmsatzsteuer-IDNr.:&nbsp;DE262963963 Zust\u00e4ndige Aufsichtsbeh\u00f6rde: Handwerkskammer TrierLoebstra\u00dfe 1854292 Trierhttp:\/\/www.hwk-trier.de Berufsrechtliche Regelungen: Handwerkskammer:&nbsp;www.handwerkskammer.deHandwerksordnung&nbsp;(zu finden im Bundesgesetzblatt I, Seite 3074 in der Fassung vom 24. September 1998)Ausbildungsordnung (BIBB Berufssuche)Weiterbildung Pers\u00f6nlich haftende Gesellschafterin: Feilen H\u00e4rtl Verwaltungs [&hellip;]<\/p>\n","protected":false},"author":1,"featured_media":0,"parent":0,"menu_order":0,"comment_status":"closed","ping_status":"closed","template":"","meta":{"footnotes":""},"class_list":["post-83","page","type-page","status-publish","hentry"],"_links":{"self":[{"href":"https:\/\/pv-benzmueller.de\/index.php?rest_route=\/wp\/v2\/pages\/83","targetHints":{"allow":["GET"]}}],"collection":[{"href":"https:\/\/pv-benzmueller.de\/index.php?rest_route=\/wp\/v2\/pages"}],"about":[{"href":"https:\/\/pv-benzmueller.de\/index.php?rest_route=\/wp\/v2\/types\/page"}],"author":[{"embeddable":true,"href":"https:\/\/pv-benzmueller.de\/index.php?rest_route=\/wp\/v2\/users\/1"}],"replies":[{"embeddable":true,"href":"https:\/\/pv-benzmueller.de\/index.php?rest_route=%2Fwp%2Fv2%2Fcomments&post=83"}],"version-history":[{"count":10,"href":"https:\/\/pv-benzmueller.de\/index.php?rest_route=\/wp\/v2\/pages\/83\/revisions"}],"predecessor-version":[{"id":231,"href":"https:\/\/pv-benzmueller.de\/index.php?rest_route=\/wp\/v2\/pages\/83\/revisions\/231"}],"wp:attachment":[{"href":"https:\/\/pv-benzmueller.de\/index.php?rest_route=%2Fwp%2Fv2%2Fmedia&parent=83"}],"curies":[{"name":"wp","href":"https:\/\/api.w.org\/{rel}","templated":true}]}}